{"id":12306,"date":"2022-01-21T11:51:47","date_gmt":"2022-01-21T11:51:47","guid":{"rendered":"http:\/\/192.168.50.26:8025\/strato\/?page_id=12306"},"modified":"2023-10-13T14:55:32","modified_gmt":"2023-10-13T14:55:32","slug":"karta-idback","status":"publish","type":"page","link":"https:\/\/malung.arnemal.com\/?page_id=12306","title":{"rendered":"Karta Idb\u00e4ck"},"content":{"rendered":"<h2>Google satellitbild \u00f6ver Idb\u00e4ck<\/h2>\n<p>Tyv\u00e4rr st\u00e5r bynamnet Idb\u00e4ck p\u00e5 fel sida V\u00e4sterdal\u00e4lven.&nbsp;<br \/>\nMa kan visa med satelitbild.<\/p>\n<p>Klicka p\u00e5 kartan s\u00e5 visas den i helbild.<\/p>\n<p><iframe title=\"idb\u00e4ck 603\" src=\"https:\/\/maps.google.com\/maps?q=idb%C3%A4ck%20603&amp;t=m&amp;z=15&amp;output=embed&amp;iwloc=near\" frameborder=\"0\" marginwidth=\"0\" marginheight=\"0\" scrolling=\"no\" aria-label=\"idb\u00e4ck 603\"><\/iframe><\/p>\n","protected":false},"excerpt":{"rendered":"<p>Google satellitbild \u00f6ver Idb\u00e4ck Tyv\u00e4rr st\u00e5r bynamnet Idb\u00e4ck p\u00e5 fel sida V\u00e4sterdal\u00e4lven.&nbsp; Ma kan visa med satelitbild. Klicka p\u00e5 kartan s\u00e5 visas den i helbild.<\/p>\n","protected":false},"author":2,"featured_media":0,"parent":0,"menu_order":0,"comment_status":"closed","ping_status":"closed","template":"template-fullwidth.php","meta":{"ngg_post_thumbnail":0,"footnotes":""},"class_list":["post-12306","page","type-page","status-publish","hentry","post-preview"],"_links":{"self":[{"href":"https:\/\/malung.arnemal.com\/index.php?rest_route=\/wp\/v2\/pages\/12306","targetHints":{"allow":["GET"]}}],"collection":[{"href":"https:\/\/malung.arnemal.com\/index.php?rest_route=\/wp\/v2\/pages"}],"about":[{"href":"https:\/\/malung.arnemal.com\/index.php?rest_route=\/wp\/v2\/types\/page"}],"author":[{"embeddable":true,"href":"https:\/\/malung.arnemal.com\/index.php?rest_route=\/wp\/v2\/users\/2"}],"replies":[{"embeddable":true,"href":"https:\/\/malung.arnemal.com\/index.php?rest_route=%2Fwp%2Fv2%2Fcomments&post=12306"}],"version-history":[{"count":0,"href":"https:\/\/malung.arnemal.com\/index.php?rest_route=\/wp\/v2\/pages\/12306\/revisions"}],"wp:attachment":[{"href":"https:\/\/malung.arnemal.com\/index.php?rest_route=%2Fwp%2Fv2%2Fmedia&parent=12306"}],"curies":[{"name":"wp","href":"https:\/\/api.w.org\/{rel}","templated":true}]}}