{"id":13075,"date":"2023-10-20T05:15:34","date_gmt":"2023-10-20T05:15:34","guid":{"rendered":"https:\/\/192.168.50.26:8025\/strato\/?page_id=13075"},"modified":"2025-12-03T20:44:00","modified_gmt":"2025-12-03T20:44:00","slug":"andra-sidor","status":"publish","type":"page","link":"https:\/\/malung.arnemal.com\/?page_id=13075","title":{"rendered":"Andra sidor"},"content":{"rendered":"\n<p>H\u00e4r kommer n\u00e5gra l\u00e4nkar till anda sidor d\u00e4r min kompletta databas finns.<\/p>\n\n\n\n<p><a href=\"https:\/\/tng.arnemal.com\">https:\/\/tng.arnemal.com<\/a><\/p>\n\n\n\n<p><a href=\"https:\/\/webtrees.arnemal.com\">https:\/\/webtrees.arnemal.com<\/a><\/p>\n\n\n\n<p><a href=\"http:\/\/genney.arnemalmen.se\">https:\/\/genneyweb.se\/ArneMalmen<\/a><\/p>\n\n\n\n<p><\/p>\n","protected":false},"excerpt":{"rendered":"<p>H\u00e4r kommer n\u00e5gra l\u00e4nkar till anda sidor d\u00e4r min kompletta databas finns. https:\/\/tng.arnemal.com https:\/\/webtrees.arnemal.com https:\/\/genneyweb.se\/ArneMalmen<\/p>\n","protected":false},"author":2,"featured_media":0,"parent":0,"menu_order":0,"comment_status":"closed","ping_status":"closed","template":"","meta":{"ngg_post_thumbnail":0,"footnotes":""},"class_list":["post-13075","page","type-page","status-publish","hentry","post-preview"],"_links":{"self":[{"href":"https:\/\/malung.arnemal.com\/index.php?rest_route=\/wp\/v2\/pages\/13075","targetHints":{"allow":["GET"]}}],"collection":[{"href":"https:\/\/malung.arnemal.com\/index.php?rest_route=\/wp\/v2\/pages"}],"about":[{"href":"https:\/\/malung.arnemal.com\/index.php?rest_route=\/wp\/v2\/types\/page"}],"author":[{"embeddable":true,"href":"https:\/\/malung.arnemal.com\/index.php?rest_route=\/wp\/v2\/users\/2"}],"replies":[{"embeddable":true,"href":"https:\/\/malung.arnemal.com\/index.php?rest_route=%2Fwp%2Fv2%2Fcomments&post=13075"}],"version-history":[{"count":1,"href":"https:\/\/malung.arnemal.com\/index.php?rest_route=\/wp\/v2\/pages\/13075\/revisions"}],"predecessor-version":[{"id":13719,"href":"https:\/\/malung.arnemal.com\/index.php?rest_route=\/wp\/v2\/pages\/13075\/revisions\/13719"}],"wp:attachment":[{"href":"https:\/\/malung.arnemal.com\/index.php?rest_route=%2Fwp%2Fv2%2Fmedia&parent=13075"}],"curies":[{"name":"wp","href":"https:\/\/api.w.org\/{rel}","templated":true}]}}