{"id":2001,"date":"2021-03-27T20:37:37","date_gmt":"2021-03-27T20:37:37","guid":{"rendered":"http:\/\/192.168.50.26:8025\/strato\/Malung\/?page_id=2001"},"modified":"2022-01-19T17:51:00","modified_gmt":"2022-01-19T17:51:00","slug":"amerikabrevet","status":"publish","type":"page","link":"https:\/\/malung.arnemal.com\/?page_id=2001","title":{"rendered":"Mosa Mats Gudmundsson"},"content":{"rendered":"\n<p>Mosa Mats Gudmundsson 1821-11-02-1887-12-09 emigrerade till Minnesota 1871 och l\u00e4mnade hustru och barn. Avsikten var nog att dom skulle komma efter men s\u00e5 blev det inte. Han gifte om sig i Usa med Christina Ersdotter 1845-07-22-1934-11-13 fr\u00e5n H\u00e4gn\u00e5sen i S\u00e4rna. I Usa finns m\u00e5nga \u00e4ttlingar till paret.<br>Mats var min farfars farfar. Han skickade hem ett brev men han v\u00e5gade inte skriva till sin frun utan det adresserades till Kvarn Erik Hansson i \u00d6stra Fors.<\/p>\n\n\n\n<p>P\u00e5 grund av att Mats emigrerade tvingades hustrun s\u00e4lja g\u00e5rden i Idb\u00e4ck.<\/p>\n\n\n\n<p>L\u00e4nk till Mosa Mats Gudmundsson i min andra sl\u00e4ktsajt.<\/p>\n\n\n\n<p><a href=\"https:\/\/malung.arnemal.com\/wp-content\/uploads\/2021\/03\/Anor-Knut-Mats-Gudmundsson-1821-1887.pdf\" data-type=\"URL\">Mosa Mats Gudmundssons anor<\/a> (Text)<br><a href=\"https:\/\/malung.arnemal.com\/wp-content\/uploads\/2021\/03\/Mosa-Mats-Gudmundssons-anor.jpg\">Mosat Mats Gudmundssons anor<\/a> (Bild)<br><br><a href=\"https:\/\/malung.arnemal.com\/wp-content\/uploads\/2021\/03\/Attlingar-Knut-Mats-Gudmundsson-1821-1887.pdf\">Mosa Mats Gudmundssons \u00e4ttlingar<\/a> (Text)<br><a href=\"https:\/\/malung.arnemal.com\/wp-content\/uploads\/2021\/03\/Slakttavla-Mosa-Mats-Gudmundsson-1821-1887.png\">Mosa Mats Gudmundssons sl\u00e4kttav<\/a>la (Bild)<br><br>Mosa Mats Gudmundsson var min farfars farfar<br><br><\/p>\n\n\n\n<figure class=\"wp-block-gallery columns-1 is-cropped wp-block-gallery-1 is-layout-flex wp-block-gallery-is-layout-flex\"><ul class=\"blocks-gallery-grid\"><li class=\"blocks-gallery-item\"><figure><img fetchpriority=\"high\" decoding=\"async\" width=\"730\" height=\"1024\" src=\"https:\/\/malung.arnemal.com\/wp-content\/uploads\/2021\/03\/amerikabrev-1-730x1024.jpg\" alt=\"\" data-id=\"2005\" data-full-url=\"https:\/\/malung.arnemal.com\/wp-content\/uploads\/2021\/03\/amerikabrev-1-scaled.jpg\" data-link=\"https:\/\/malung.arnemal.com\/amerikabrev-1\/\" class=\"wp-image-2005\" srcset=\"https:\/\/malung.arnemal.com\/wp-content\/uploads\/2021\/03\/amerikabrev-1-730x1024.jpg 730w, https:\/\/malung.arnemal.com\/wp-content\/uploads\/2021\/03\/amerikabrev-1-214x300.jpg 214w, https:\/\/malung.arnemal.com\/wp-content\/uploads\/2021\/03\/amerikabrev-1-768x1078.jpg 768w, https:\/\/malung.arnemal.com\/wp-content\/uploads\/2021\/03\/amerikabrev-1-1095x1536.jpg 1095w, https:\/\/malung.arnemal.com\/wp-content\/uploads\/2021\/03\/amerikabrev-1-1459x2048.jpg 1459w, https:\/\/malung.arnemal.com\/wp-content\/uploads\/2021\/03\/amerikabrev-1-scaled.jpg 1824w\" sizes=\"(max-width: 730px) 100vw, 730px\" \/><figcaption class=\"blocks-gallery-item__caption\">Amerikabrev del 1<\/figcaption><\/figure><\/li><li class=\"blocks-gallery-item\"><figure><img decoding=\"async\" width=\"693\" height=\"1024\" src=\"https:\/\/malung.arnemal.com\/wp-content\/uploads\/2021\/03\/amerikabrev-2-693x1024.jpg\" alt=\"\" data-id=\"2006\" data-full-url=\"https:\/\/malung.arnemal.com\/wp-content\/uploads\/2021\/03\/amerikabrev-2-scaled.jpg\" data-link=\"https:\/\/malung.arnemal.com\/amerikabrev-2\/\" class=\"wp-image-2006\" srcset=\"https:\/\/malung.arnemal.com\/wp-content\/uploads\/2021\/03\/amerikabrev-2-693x1024.jpg 693w, https:\/\/malung.arnemal.com\/wp-content\/uploads\/2021\/03\/amerikabrev-2-203x300.jpg 203w, https:\/\/malung.arnemal.com\/wp-content\/uploads\/2021\/03\/amerikabrev-2-768x1134.jpg 768w, https:\/\/malung.arnemal.com\/wp-content\/uploads\/2021\/03\/amerikabrev-2-1040x1536.jpg 1040w, https:\/\/malung.arnemal.com\/wp-content\/uploads\/2021\/03\/amerikabrev-2-1386x2048.jpg 1386w, https:\/\/malung.arnemal.com\/wp-content\/uploads\/2021\/03\/amerikabrev-2-scaled.jpg 1733w\" sizes=\"(max-width: 693px) 100vw, 693px\" \/><figcaption class=\"blocks-gallery-item__caption\">Amerikabrev del 2<\/figcaption><\/figure><\/li><li class=\"blocks-gallery-item\"><figure><img decoding=\"async\" width=\"667\" height=\"1024\" src=\"https:\/\/malung.arnemal.com\/wp-content\/uploads\/2021\/03\/amerikabrev-3-667x1024.jpg\" alt=\"\" data-id=\"2007\" data-full-url=\"https:\/\/malung.arnemal.com\/wp-content\/uploads\/2021\/03\/amerikabrev-3-scaled.jpg\" data-link=\"https:\/\/malung.arnemal.com\/amerikabrev-3\/\" class=\"wp-image-2007\" srcset=\"https:\/\/malung.arnemal.com\/wp-content\/uploads\/2021\/03\/amerikabrev-3-667x1024.jpg 667w, https:\/\/malung.arnemal.com\/wp-content\/uploads\/2021\/03\/amerikabrev-3-195x300.jpg 195w, https:\/\/malung.arnemal.com\/wp-content\/uploads\/2021\/03\/amerikabrev-3-768x1179.jpg 768w, https:\/\/malung.arnemal.com\/wp-content\/uploads\/2021\/03\/amerikabrev-3-1000x1536.jpg 1000w, https:\/\/malung.arnemal.com\/wp-content\/uploads\/2021\/03\/amerikabrev-3-1334x2048.jpg 1334w, https:\/\/malung.arnemal.com\/wp-content\/uploads\/2021\/03\/amerikabrev-3-scaled.jpg 1667w\" sizes=\"(max-width: 667px) 100vw, 667px\" \/><figcaption class=\"blocks-gallery-item__caption\">Amerikabrev del 3<\/figcaption><\/figure><\/li><li class=\"blocks-gallery-item\"><figure><img loading=\"lazy\" decoding=\"async\" width=\"687\" height=\"1024\" src=\"https:\/\/malung.arnemal.com\/wp-content\/uploads\/2021\/03\/amerikabrev-4-687x1024.jpg\" alt=\"\" data-id=\"2008\" data-full-url=\"https:\/\/malung.arnemal.com\/wp-content\/uploads\/2021\/03\/amerikabrev-4-scaled.jpg\" data-link=\"https:\/\/malung.arnemal.com\/amerikabrev-4\/\" class=\"wp-image-2008\" srcset=\"https:\/\/malung.arnemal.com\/wp-content\/uploads\/2021\/03\/amerikabrev-4-687x1024.jpg 687w, https:\/\/malung.arnemal.com\/wp-content\/uploads\/2021\/03\/amerikabrev-4-201x300.jpg 201w, https:\/\/malung.arnemal.com\/wp-content\/uploads\/2021\/03\/amerikabrev-4-768x1145.jpg 768w, https:\/\/malung.arnemal.com\/wp-content\/uploads\/2021\/03\/amerikabrev-4-1031x1536.jpg 1031w, https:\/\/malung.arnemal.com\/wp-content\/uploads\/2021\/03\/amerikabrev-4-1374x2048.jpg 1374w, https:\/\/malung.arnemal.com\/wp-content\/uploads\/2021\/03\/amerikabrev-4-scaled.jpg 1718w\" sizes=\"(max-width: 687px) 100vw, 687px\" \/><figcaption class=\"blocks-gallery-item__caption\">Amerikabrev del 4<\/figcaption><\/figure><\/li><li class=\"blocks-gallery-item\"><figure><img loading=\"lazy\" decoding=\"async\" width=\"645\" height=\"1024\" src=\"https:\/\/malung.arnemal.com\/wp-content\/uploads\/2021\/03\/amerikabrev-5-645x1024.jpg\" alt=\"\" data-id=\"2009\" data-full-url=\"https:\/\/malung.arnemal.com\/wp-content\/uploads\/2021\/03\/amerikabrev-5-scaled.jpg\" data-link=\"https:\/\/malung.arnemal.com\/amerikabrev-5\/\" class=\"wp-image-2009\" srcset=\"https:\/\/malung.arnemal.com\/wp-content\/uploads\/2021\/03\/amerikabrev-5-645x1024.jpg 645w, https:\/\/malung.arnemal.com\/wp-content\/uploads\/2021\/03\/amerikabrev-5-189x300.jpg 189w, https:\/\/malung.arnemal.com\/wp-content\/uploads\/2021\/03\/amerikabrev-5-768x1220.jpg 768w, https:\/\/malung.arnemal.com\/wp-content\/uploads\/2021\/03\/amerikabrev-5-967x1536.jpg 967w, https:\/\/malung.arnemal.com\/wp-content\/uploads\/2021\/03\/amerikabrev-5-1290x2048.jpg 1290w, https:\/\/malung.arnemal.com\/wp-content\/uploads\/2021\/03\/amerikabrev-5-scaled.jpg 1612w\" sizes=\"(max-width: 645px) 100vw, 645px\" \/><figcaption class=\"blocks-gallery-item__caption\">Amerikabrev del 5<\/figcaption><\/figure><\/li><li class=\"blocks-gallery-item\"><figure><img loading=\"lazy\" decoding=\"async\" width=\"659\" height=\"1024\" src=\"https:\/\/malung.arnemal.com\/wp-content\/uploads\/2021\/03\/amerikabrev-6-659x1024.jpg\" alt=\"\" data-id=\"2010\" data-full-url=\"https:\/\/malung.arnemal.com\/wp-content\/uploads\/2021\/03\/amerikabrev-6-scaled.jpg\" data-link=\"https:\/\/malung.arnemal.com\/amerikabrev-6\/\" class=\"wp-image-2010\" srcset=\"https:\/\/malung.arnemal.com\/wp-content\/uploads\/2021\/03\/amerikabrev-6-659x1024.jpg 659w, https:\/\/malung.arnemal.com\/wp-content\/uploads\/2021\/03\/amerikabrev-6-193x300.jpg 193w, https:\/\/malung.arnemal.com\/wp-content\/uploads\/2021\/03\/amerikabrev-6-768x1193.jpg 768w, https:\/\/malung.arnemal.com\/wp-content\/uploads\/2021\/03\/amerikabrev-6-989x1536.jpg 989w, https:\/\/malung.arnemal.com\/wp-content\/uploads\/2021\/03\/amerikabrev-6-1318x2048.jpg 1318w, https:\/\/malung.arnemal.com\/wp-content\/uploads\/2021\/03\/amerikabrev-6-scaled.jpg 1648w\" sizes=\"(max-width: 659px) 100vw, 659px\" \/><figcaption class=\"blocks-gallery-item__caption\">Amerikabrev del 6<\/figcaption><\/figure><\/li><li class=\"blocks-gallery-item\"><figure><img loading=\"lazy\" decoding=\"async\" width=\"672\" height=\"1024\" src=\"https:\/\/malung.arnemal.com\/wp-content\/uploads\/2021\/03\/amerikabrev-7-672x1024.jpg\" alt=\"\" data-id=\"2011\" data-full-url=\"https:\/\/malung.arnemal.com\/wp-content\/uploads\/2021\/03\/amerikabrev-7-scaled.jpg\" data-link=\"https:\/\/malung.arnemal.com\/amerikabrev-7\/\" class=\"wp-image-2011\" srcset=\"https:\/\/malung.arnemal.com\/wp-content\/uploads\/2021\/03\/amerikabrev-7-672x1024.jpg 672w, https:\/\/malung.arnemal.com\/wp-content\/uploads\/2021\/03\/amerikabrev-7-197x300.jpg 197w, https:\/\/malung.arnemal.com\/wp-content\/uploads\/2021\/03\/amerikabrev-7-768x1170.jpg 768w, https:\/\/malung.arnemal.com\/wp-content\/uploads\/2021\/03\/amerikabrev-7-1009x1536.jpg 1009w, https:\/\/malung.arnemal.com\/wp-content\/uploads\/2021\/03\/amerikabrev-7-1345x2048.jpg 1345w, https:\/\/malung.arnemal.com\/wp-content\/uploads\/2021\/03\/amerikabrev-7-scaled.jpg 1681w\" sizes=\"(max-width: 672px) 100vw, 672px\" \/><figcaption class=\"blocks-gallery-item__caption\">Amerikabrev del 7<\/figcaption><\/figure><\/li><li class=\"blocks-gallery-item\"><figure><img loading=\"lazy\" decoding=\"async\" width=\"686\" height=\"1024\" src=\"https:\/\/malung.arnemal.com\/wp-content\/uploads\/2021\/03\/amerikabrev-8-686x1024.jpg\" alt=\"\" data-id=\"2012\" data-full-url=\"https:\/\/malung.arnemal.com\/wp-content\/uploads\/2021\/03\/amerikabrev-8-scaled.jpg\" data-link=\"https:\/\/malung.arnemal.com\/amerikabrev-8\/\" class=\"wp-image-2012\" srcset=\"https:\/\/malung.arnemal.com\/wp-content\/uploads\/2021\/03\/amerikabrev-8-686x1024.jpg 686w, https:\/\/malung.arnemal.com\/wp-content\/uploads\/2021\/03\/amerikabrev-8-201x300.jpg 201w, https:\/\/malung.arnemal.com\/wp-content\/uploads\/2021\/03\/amerikabrev-8-768x1147.jpg 768w, https:\/\/malung.arnemal.com\/wp-content\/uploads\/2021\/03\/amerikabrev-8-1029x1536.jpg 1029w, https:\/\/malung.arnemal.com\/wp-content\/uploads\/2021\/03\/amerikabrev-8-1372x2048.jpg 1372w, https:\/\/malung.arnemal.com\/wp-content\/uploads\/2021\/03\/amerikabrev-8-scaled.jpg 1715w\" sizes=\"(max-width: 686px) 100vw, 686px\" \/><figcaption class=\"blocks-gallery-item__caption\">Amerikabrev del 8<\/figcaption><\/figure><\/li><li class=\"blocks-gallery-item\"><figure><img loading=\"lazy\" decoding=\"async\" width=\"645\" height=\"1024\" src=\"https:\/\/malung.arnemal.com\/wp-content\/uploads\/2021\/03\/amerikabrev-9-645x1024.jpg\" alt=\"\" data-id=\"2013\" data-full-url=\"https:\/\/malung.arnemal.com\/wp-content\/uploads\/2021\/03\/amerikabrev-9-scaled.jpg\" data-link=\"https:\/\/malung.arnemal.com\/amerikabrev-9\/\" class=\"wp-image-2013\" srcset=\"https:\/\/malung.arnemal.com\/wp-content\/uploads\/2021\/03\/amerikabrev-9-645x1024.jpg 645w, https:\/\/malung.arnemal.com\/wp-content\/uploads\/2021\/03\/amerikabrev-9-189x300.jpg 189w, https:\/\/malung.arnemal.com\/wp-content\/uploads\/2021\/03\/amerikabrev-9-768x1219.jpg 768w, https:\/\/malung.arnemal.com\/wp-content\/uploads\/2021\/03\/amerikabrev-9-968x1536.jpg 968w, https:\/\/malung.arnemal.com\/wp-content\/uploads\/2021\/03\/amerikabrev-9-1291x2048.jpg 1291w, https:\/\/malung.arnemal.com\/wp-content\/uploads\/2021\/03\/amerikabrev-9-scaled.jpg 1613w\" sizes=\"(max-width: 645px) 100vw, 645px\" \/><figcaption class=\"blocks-gallery-item__caption\">Amerikabrev del 9<\/figcaption><\/figure><\/li><li class=\"blocks-gallery-item\"><figure><img loading=\"lazy\" decoding=\"async\" width=\"844\" height=\"1024\" src=\"https:\/\/malung.arnemal.com\/wp-content\/uploads\/2021\/03\/amerikabrev-10-844x1024.jpg\" alt=\"\" data-id=\"2014\" data-full-url=\"https:\/\/malung.arnemal.com\/wp-content\/uploads\/2021\/03\/amerikabrev-10.jpg\" data-link=\"https:\/\/malung.arnemal.com\/amerikabrev-10\/\" class=\"wp-image-2014\" srcset=\"https:\/\/malung.arnemal.com\/wp-content\/uploads\/2021\/03\/amerikabrev-10-844x1024.jpg 844w, https:\/\/malung.arnemal.com\/wp-content\/uploads\/2021\/03\/amerikabrev-10-247x300.jpg 247w, https:\/\/malung.arnemal.com\/wp-content\/uploads\/2021\/03\/amerikabrev-10-768x932.jpg 768w, https:\/\/malung.arnemal.com\/wp-content\/uploads\/2021\/03\/amerikabrev-10-1266x1536.jpg 1266w, https:\/\/malung.arnemal.com\/wp-content\/uploads\/2021\/03\/amerikabrev-10-1688x2048.jpg 1688w, https:\/\/malung.arnemal.com\/wp-content\/uploads\/2021\/03\/amerikabrev-10.jpg 1840w\" sizes=\"(max-width: 844px) 100vw, 844px\" \/><figcaption class=\"blocks-gallery-item__caption\">Amerikabrev del 10<\/figcaption><\/figure><\/li><\/ul><\/figure>\n\n\n\n<figure class=\"wp-block-gallery columns-1 is-cropped wp-block-gallery-2 is-layout-flex wp-block-gallery-is-layout-flex\"><ul class=\"blocks-gallery-grid\"><li class=\"blocks-gallery-item\"><figure><img loading=\"lazy\" decoding=\"async\" width=\"870\" height=\"1024\" src=\"https:\/\/malung.arnemal.com\/wp-content\/uploads\/2021\/03\/Mosa-Mats-Gudmundsson-dodsannons-870x1024.jpg\" alt=\"\" data-id=\"397\" data-full-url=\"https:\/\/malung.arnemal.com\/wp-content\/uploads\/2021\/03\/Mosa-Mats-Gudmundsson-dodsannons-scaled.jpg\" data-link=\"https:\/\/malung.arnemal.com\/mosa-mats-gudmundsson-dodsannons\/\" class=\"wp-image-397\" srcset=\"https:\/\/malung.arnemal.com\/wp-content\/uploads\/2021\/03\/Mosa-Mats-Gudmundsson-dodsannons-870x1024.jpg 870w, https:\/\/malung.arnemal.com\/wp-content\/uploads\/2021\/03\/Mosa-Mats-Gudmundsson-dodsannons-255x300.jpg 255w, https:\/\/malung.arnemal.com\/wp-content\/uploads\/2021\/03\/Mosa-Mats-Gudmundsson-dodsannons-768x904.jpg 768w, https:\/\/malung.arnemal.com\/wp-content\/uploads\/2021\/03\/Mosa-Mats-Gudmundsson-dodsannons-1305x1536.jpg 1305w, https:\/\/malung.arnemal.com\/wp-content\/uploads\/2021\/03\/Mosa-Mats-Gudmundsson-dodsannons-1741x2048.jpg 1741w\" sizes=\"(max-width: 870px) 100vw, 870px\" \/><figcaption class=\"blocks-gallery-item__caption\">Mosa Mats Gudmundsson d\u00f6dsannons<\/figcaption><\/figure><\/li><\/ul><\/figure>\n\n\n\n<figure class=\"wp-block-gallery columns-1 is-cropped wp-block-gallery-3 is-layout-flex wp-block-gallery-is-layout-flex\"><ul class=\"blocks-gallery-grid\"><li class=\"blocks-gallery-item\"><figure><img loading=\"lazy\" decoding=\"async\" width=\"589\" height=\"899\" src=\"https:\/\/malung.arnemal.com\/wp-content\/uploads\/2021\/03\/Mosa-Mats-Gudmundsson-skuld-1.jpg\" alt=\"\" data-id=\"1673\" data-full-url=\"https:\/\/malung.arnemal.com\/wp-content\/uploads\/2021\/03\/Mosa-Mats-Gudmundsson-skuld-1.jpg\" data-link=\"https:\/\/malung.arnemal.com\/mosa-mats-gudmundsson-skuld-2\/\" class=\"wp-image-1673\" srcset=\"https:\/\/malung.arnemal.com\/wp-content\/uploads\/2021\/03\/Mosa-Mats-Gudmundsson-skuld-1.jpg 589w, https:\/\/malung.arnemal.com\/wp-content\/uploads\/2021\/03\/Mosa-Mats-Gudmundsson-skuld-1-197x300.jpg 197w\" sizes=\"(max-width: 589px) 100vw, 589px\" \/><figcaption class=\"blocks-gallery-item__caption\">Mosa Mats Gudmundsson skuld<\/figcaption><\/figure><\/li><\/ul><\/figure>\n","protected":false},"excerpt":{"rendered":"<p>Mosa Mats Gudmundsson 1821-11-02-1887-12-09 emigrerade till Minnesota 1871 och l\u00e4mnade hustru och barn. Avsikten var nog att dom skulle komma efter men s\u00e5 blev det inte. Han gifte om sig i Usa med Christina Ersdotter 1845-07-22-1934-11-13 fr\u00e5n H\u00e4gn\u00e5sen i S\u00e4rna. I Usa finns m\u00e5nga \u00e4ttlingar till paret.Mats var min farfars farfar. Han skickade hem ett [&hellip;]<\/p>\n","protected":false},"author":2,"featured_media":0,"parent":0,"menu_order":0,"comment_status":"closed","ping_status":"closed","template":"","meta":{"ngg_post_thumbnail":0,"footnotes":""},"class_list":["post-2001","page","type-page","status-publish","hentry","post-preview"],"_links":{"self":[{"href":"https:\/\/malung.arnemal.com\/index.php?rest_route=\/wp\/v2\/pages\/2001","targetHints":{"allow":["GET"]}}],"collection":[{"href":"https:\/\/malung.arnemal.com\/index.php?rest_route=\/wp\/v2\/pages"}],"about":[{"href":"https:\/\/malung.arnemal.com\/index.php?rest_route=\/wp\/v2\/types\/page"}],"author":[{"embeddable":true,"href":"https:\/\/malung.arnemal.com\/index.php?rest_route=\/wp\/v2\/users\/2"}],"replies":[{"embeddable":true,"href":"https:\/\/malung.arnemal.com\/index.php?rest_route=%2Fwp%2Fv2%2Fcomments&post=2001"}],"version-history":[{"count":0,"href":"https:\/\/malung.arnemal.com\/index.php?rest_route=\/wp\/v2\/pages\/2001\/revisions"}],"wp:attachment":[{"href":"https:\/\/malung.arnemal.com\/index.php?rest_route=%2Fwp%2Fv2%2Fmedia&parent=2001"}],"curies":[{"name":"wp","href":"https:\/\/api.w.org\/{rel}","templated":true}]}}