{"id":247,"date":"2021-03-23T19:45:22","date_gmt":"2021-03-23T19:45:22","guid":{"rendered":"https:\/\/xn--idbck-ira.arnemalmens.website\/?page_id=247"},"modified":"2023-10-13T15:22:04","modified_gmt":"2023-10-13T15:22:04","slug":"idback","status":"publish","type":"page","link":"https:\/\/malung.arnemal.com\/?page_id=247","title":{"rendered":"Idb\u00e4ck"},"content":{"rendered":"\n<p class=\"has-text-align-center\">H\u00e4r kommer lite bilder och vilka m\u00e4nniskor som bebott olika fastigheter i Idb\u00e4ck. Bilder och personer \u00e4r p\u00e5 min fars sida.<\/p>\n\n\n\n<div class=\"wp-block-media-text alignwide is-stacked-on-mobile\" style=\"grid-template-columns:48% auto\"><figure class=\"wp-block-media-text__media\"><img fetchpriority=\"high\" decoding=\"async\" width=\"1024\" height=\"575\" src=\"https:\/\/malung.arnemal.com\/wp-content\/uploads\/2021\/07\/Allmlofsdammen-2-1024x575.jpg\" alt=\"\" class=\"wp-image-10292 size-full\" srcset=\"https:\/\/malung.arnemal.com\/wp-content\/uploads\/2021\/07\/Allmlofsdammen-2-1024x575.jpg 1024w, https:\/\/malung.arnemal.com\/wp-content\/uploads\/2021\/07\/Allmlofsdammen-2-300x168.jpg 300w, https:\/\/malung.arnemal.com\/wp-content\/uploads\/2021\/07\/Allmlofsdammen-2-768x431.jpg 768w, https:\/\/malung.arnemal.com\/wp-content\/uploads\/2021\/07\/Allmlofsdammen-2-1536x863.jpg 1536w, https:\/\/malung.arnemal.com\/wp-content\/uploads\/2021\/07\/Allmlofsdammen-2-2048x1150.jpg 2048w\" sizes=\"(max-width: 1024px) 100vw, 1024px\" \/><\/figure><div class=\"wp-block-media-text__content\">\n<p class=\"has-background\" style=\"background-color:#d0fa00\">Idb\u00e4ck 16:11 Birgersg\u00e5rden <br>G\u00e5rden ligger i s\u00f6dra delen av Idb\u00e4ck.&nbsp;P\u00e5 denna g\u00e5rd l\u00e5g ett hus d\u00e4r<strong>&nbsp;Byril Halvarsson f 1742<\/strong>&nbsp;bodde med sin hustru&nbsp;<strong>Magnil Anna Halvarsson<\/strong>&nbsp;f. 1738. Byril \u00e4r fr\u00e5n Norge.<br>Paret hade tv\u00e5 s\u00f6ner:<br><strong>Birgers Halvar Halvarsson<\/strong>&nbsp;f. 1767, gift med&nbsp;<strong>Britta Ersdotter<\/strong>&nbsp;f. 1768 fr\u00e5n \u00d6vermo i Leksand.<br><strong>Byril Mats Byrilsson<\/strong>&nbsp;f.1771 gift med&nbsp;<strong>Thun Karin Ersdotter&nbsp;<\/strong>f, 1776 fr\u00e5n J\u00e4gra by i Malung.<br><br><a href=\"https:\/\/malung.arnemal.com\/wp-content\/uploads\/2021\/03\/Karta-Idback-16_11.jpg\" data-type=\"URL\">Kartbild<\/a><\/p>\n<\/div><\/div>\n\n\n\n<div class=\"wp-block-media-text alignwide is-stacked-on-mobile\" style=\"grid-template-columns:48% auto\"><figure class=\"wp-block-media-text__media\"><img decoding=\"async\" width=\"1024\" height=\"459\" src=\"https:\/\/malung.arnemal.com\/wp-content\/uploads\/2021\/03\/Idback-1528-1024x459.jpg\" alt=\"\" class=\"wp-image-529 size-full\" srcset=\"https:\/\/malung.arnemal.com\/wp-content\/uploads\/2021\/03\/Idback-1528-1024x459.jpg 1024w, https:\/\/malung.arnemal.com\/wp-content\/uploads\/2021\/03\/Idback-1528-300x135.jpg 300w, https:\/\/malung.arnemal.com\/wp-content\/uploads\/2021\/03\/Idback-1528-768x344.jpg 768w, https:\/\/malung.arnemal.com\/wp-content\/uploads\/2021\/03\/Idback-1528-1536x689.jpg 1536w, https:\/\/malung.arnemal.com\/wp-content\/uploads\/2021\/03\/Idback-1528.jpg 1840w\" sizes=\"(max-width: 1024px) 100vw, 1024px\" \/><\/figure><div class=\"wp-block-media-text__content\">\n<p class=\"has-light-green-cyan-background-color has-background\">Idb\u00e4ck 15:28 Knekthia Littra P<br>Hit flyttade&nbsp;<strong>Knekt Byril Mats Byrilsson&nbsp;<\/strong>f.1771 gift med&nbsp;<strong>Thun Karin Ersdotter&nbsp;<\/strong>f, 1776 fr\u00e5n J\u00e4gra by i Malung. Mats tog h\u00e4r g\u00e5rdsnamnet Knekt.<br>Barnen:<br><strong>Knekt Anna Matsdotte<\/strong>r&nbsp;f, 1798 gift med&nbsp;<strong>H\u00e4ra Per Larsson<\/strong>&nbsp;f, 1803<br><strong>Knekt Britta Matsdotter<\/strong>&nbsp;f, 1810 gift med<strong>&nbsp;Romar Lars Persson<\/strong>&nbsp;f, 1802<br><strong>Knekt Marit Matsdotter<\/strong>&nbsp;f, 1814 gift med&nbsp;<strong>Holt\u00e4pp Lars Larsson f.1817<\/strong><br>1892 s\u00e5ldes g\u00e5rden med jord och skog till&nbsp;<strong>\u00d6jes Johan Jonsson<\/strong>&nbsp;f, 1854 fr\u00e5n Rommarheden, gift med<strong>&nbsp;Hi Kerstin Isacsdotter<\/strong>&nbsp;f, 1856 fr\u00e5n J\u00e4gra.&nbsp;<br><strong>Knekt Eric Matsson<\/strong>&nbsp;f, 1802&nbsp;gift med&nbsp;<strong>Kerstin Persdotter<\/strong>&nbsp;&#8221;Knektfiska&#8221; f,1810 fr\u00e5n Ris\u00e5sen Eksh\u00e4rad.<br>S\u00f6nerna:<br><strong>Knekt Per Ersson-Skoglund<\/strong>&nbsp;f, 1835 gift med&nbsp;<strong>Sandb\u00e4ck Kerstin Larsdotter<\/strong>&nbsp;f. 1837. Per bodde kvar med sina 8 barn till 1844 d\u00e5 familjen flyttade till Hedemora<br><strong>Knekt Mats Ersson<\/strong>&nbsp;1844-1916, gift med&nbsp;<strong>Knut Kerstin Olsdotter<\/strong>&nbsp;1843-1912 flyttade till Idb\u00e4ck 29:21.<br>Sonen <strong>Knekt Erik Matsson<\/strong> 1867-1948, gift med <strong>Vickes Karin Persdotter<\/strong> 1876-1962 k\u00f6pte 1893 av sin far den del som kallas Nyt\u00e4ppan, Idb\u00e4ck 15:18. G\u00e5rden byggdes 1902. Idag bebos g\u00e5rden av Eriks dotterson Olle Alml\u00f6f.<br><br><br>1972 s\u00e5ldes g\u00e5rden med jord och skog till <strong>\u00d6jes Per Jonsson<\/strong> 1854-1927 gift med <strong>Hi Kerstin Isacsdotter<\/strong> 1856-1947. Han var fr\u00e5n Rommarheden och Kerstin fr\u00e5n J\u00e4gra.<br>Sonen <strong>\u00d6jes Alfred Persson<\/strong> 1887-1964, gift med <strong>Nyg\u00e5rds Anna Andersdotter<\/strong> 1886-1961 fr\u00e5n Norra Mon, bebodde sedan g\u00e5rden. Sonen <strong>Per Arne \u00d6jes<\/strong> 1924-1987 gift med <strong>Backola Ulla Ingeborg Nilsson<\/strong> 1941- tog sedan \u00f6ver g\u00e5rden. G\u00e5rden \u00e4gs numer av deras barn Monica och Hans \u00d6jes.<br>Per Arne \u00d6jes byggde en <a href=\"https:\/\/malung.arnemal.com\/wp-content\/uploads\/2021\/03\/fabriken__el.jpg\">fabrikslokal<\/a> v\u00e4ster om g\u00e5rden nedanf\u00f6r  Johans g\u00e5rd.<br><br>Deras \u00e4ldste son, <strong>\u00d6jes Johan Persson<\/strong> 1881-1966 gift med <strong>Jers Kersin Persdotter<\/strong> 1876-1958 Norra Mon<a href=\"https:\/\/malung.arnemal.com\/wp-content\/uploads\/2021\/03\/Ojes-Johan-Perssons-gard.jpg\">, byggde sig en g\u00e5rd<\/a> p\u00e5 backen v\u00e4ster om hemg\u00e5rden. Deras dotter<strong> \u00d6jes Anna Viktoria Johansdotter<\/strong> 1910-1994 med maken <strong>Dansar Jonas Halvarsson <\/strong>1903-1982 bodde sen kvar i det huset fram till sin d\u00f6d.<br>G\u00e5rden \u00e4gs idag av familjen Laitinen.<br><br><br><a href=\"https:\/\/malung.arnemal.com\/wp-content\/uploads\/2021\/03\/Kartbild-Idback15_28.jpg\">Kartbild<\/a><\/p>\n<\/div><\/div>\n\n\n\n<div class=\"wp-block-media-text alignwide is-stacked-on-mobile\" style=\"grid-template-columns:48% auto\"><figure class=\"wp-block-media-text__media\"><img decoding=\"async\" width=\"1024\" height=\"495\" src=\"https:\/\/malung.arnemal.com\/wp-content\/uploads\/2021\/03\/Idback-29_21-1-1024x495.jpg\" alt=\"\" class=\"wp-image-1281 size-full\" srcset=\"https:\/\/malung.arnemal.com\/wp-content\/uploads\/2021\/03\/Idback-29_21-1-1024x495.jpg 1024w, https:\/\/malung.arnemal.com\/wp-content\/uploads\/2021\/03\/Idback-29_21-1-300x145.jpg 300w, https:\/\/malung.arnemal.com\/wp-content\/uploads\/2021\/03\/Idback-29_21-1-768x371.jpg 768w, https:\/\/malung.arnemal.com\/wp-content\/uploads\/2021\/03\/Idback-29_21-1.jpg 1499w\" sizes=\"(max-width: 1024px) 100vw, 1024px\" \/><\/figure><div class=\"wp-block-media-text__content\">\n<p class=\"has-background\" style=\"background-color:#a39200\">Idb\u00e4ck 29:21<br>Hit flyttar&nbsp;<strong>Knekt Mats Ersson<\/strong>&nbsp;f, 1844 gift med&nbsp;<strong>Knut Kerstin Olsdotter<\/strong>&nbsp;f, 1843<br>Man bodde troligen i huset bakom tallen och d\u00e4r f\u00f6ddes Barnen:<br>Knekt Erik Matsson f, 1867<br>Knekt Kerstin Matsdotter f, 1869<br>Knekt Karin Matsdotter f, 1872<br>Knekt Anna Lovisa Matsdotter f. 1874<br>Knekt Maria Elisabet Matsdotter f. 1877<br>Knekt Olof Alfred Matsson f, 1879<br>Knekt Gustava Josefina Matsdotter f. 1882<br>Knekt Elin Viktoria Matsdotter f, 1884<br>Knekt Hulda Matsdotter f, 1887 (Min farmor)<br><br>Vita huset p\u00e5 backen byggde senare och har bebotts av familjen Sven Erik Bohm 1914-2000, gift med Karin Frideborg Olofsdotter 1925-2017 och barnen Karin Margareta och Hans Olof Bohm.  Hans bor fortfarande kvar.<br><br><a href=\"https:\/\/malung.arnemal.com\/wp-content\/uploads\/2021\/03\/Kartbild-Idback-29_21-1.jpg\">Kartbild<\/a><\/p>\n\n\n\n<p><\/p>\n\n\n\n<p><\/p>\n<\/div><\/div>\n\n\n\n<div class=\"wp-block-media-text alignwide is-stacked-on-mobile\"><figure class=\"wp-block-media-text__media\"><img loading=\"lazy\" decoding=\"async\" width=\"1024\" height=\"513\" src=\"https:\/\/malung.arnemal.com\/wp-content\/uploads\/2021\/03\/Idback-6_16-1-1024x513.jpg\" alt=\"\" class=\"wp-image-1255 size-full\" srcset=\"https:\/\/malung.arnemal.com\/wp-content\/uploads\/2021\/03\/Idback-6_16-1-1024x513.jpg 1024w, https:\/\/malung.arnemal.com\/wp-content\/uploads\/2021\/03\/Idback-6_16-1-300x150.jpg 300w, https:\/\/malung.arnemal.com\/wp-content\/uploads\/2021\/03\/Idback-6_16-1-768x385.jpg 768w, https:\/\/malung.arnemal.com\/wp-content\/uploads\/2021\/03\/Idback-6_16-1.jpg 1520w\" sizes=\"(max-width: 1024px) 100vw, 1024px\" \/><\/figure><div class=\"wp-block-media-text__content\">\n<p class=\"has-light-green-cyan-background-color has-background\">Idb\u00e4ck 6:16<br>Hit flyttar&nbsp;<strong>Knekt Hulda Matsdotter&nbsp;<\/strong>f, 1887 (Min farmor)&nbsp; n\u00e4r hon 1914 gifter sig med&nbsp;<strong>Mosa Teodor Malm\u00e9n<\/strong>&nbsp;f. 1888.&nbsp;<br>Barnen:<br><strong>Teodor Ivar Malm\u00e9n<\/strong>&nbsp;f, 1908-1976 gift med&nbsp;<strong>Kerstin Gustava Eriksson<\/strong>&nbsp;f, 1915.&nbsp;<br><strong>Axel Birger Malm\u00e9n<\/strong>&nbsp;f. 1916-1977<br><strong>Erik Sigurd Malm\u00e9n<\/strong>&nbsp;f, 1921-1988, (min pappa)<br><strong>Per Olof Malm\u00e9n<\/strong>&nbsp;f, 1923-2015 gift med Maj-Lis Sj\u00f6gren f, 1929<br>Barnen:<br><strong>Aina Ingeborg Malm\u00e9n<\/strong>&nbsp;f, 1949<br><strong>Bengt Teodor Malm\u00e9n<\/strong>&nbsp;f, 1952<br><strong>Hans-Olof Malm\u00e9n<\/strong>&nbsp;f, 1964<br><strong>Per-Eje Malm\u00e9n<\/strong>&nbsp;f, 1968<br>Per Olof Malm\u00e9n bodde kvar i huset fram till sin d\u00f6d 2015. Hustrun Maj-Lis Malm\u00e9n f. 1929 avled 2011.<br>Huset \u00e4r numer &#8221;loppis&#8221; och \u00e4gs av Per Olofs barn. P\u00e5 g\u00e5rden fanns ocks\u00e5 en skinnindustri som Per Olof drev i m\u00e5nga \u00e5r, P\u00e5 senare tid har sonen Hans-Olof Malm\u00e9n haft elfirma i lokalerna.<br>Teodor \u00e4r uppf\u00f6dd i ett \u00e4ldre hus som lag bakom detta hus. Det huset byggdes 1890 och har senare flyttats upp i backen. I huset har sedan Teodors bror Valfrid och hans hustru Maria Malm\u00e9n bott. I nutid bor Teodors barnbarn Hans-Olof Malm\u00e9n i det huset.<br><br><a href=\"https:\/\/malung.arnemal.com\/wp-content\/uploads\/2021\/03\/Kartbild-Idback-6_16-1.jpg\">Kartbild<\/a><\/p>\n<\/div><\/div>\n\n\n\n<div class=\"wp-block-media-text alignwide is-stacked-on-mobile\"><figure class=\"wp-block-media-text__media\"><img loading=\"lazy\" decoding=\"async\" width=\"1024\" height=\"528\" src=\"https:\/\/malung.arnemal.com\/wp-content\/uploads\/2021\/03\/Idback-8_6-1-1024x528.jpg\" alt=\"\" class=\"wp-image-1256 size-full\" srcset=\"https:\/\/malung.arnemal.com\/wp-content\/uploads\/2021\/03\/Idback-8_6-1-1024x528.jpg 1024w, https:\/\/malung.arnemal.com\/wp-content\/uploads\/2021\/03\/Idback-8_6-1-300x155.jpg 300w, https:\/\/malung.arnemal.com\/wp-content\/uploads\/2021\/03\/Idback-8_6-1-768x396.jpg 768w, https:\/\/malung.arnemal.com\/wp-content\/uploads\/2021\/03\/Idback-8_6-1.jpg 1529w\" sizes=\"(max-width: 1024px) 100vw, 1024px\" \/><\/figure><div class=\"wp-block-media-text__content\">\n<p class=\"has-pale-cyan-blue-background-color has-background has-normal-font-size\">Idb\u00e4ck 8:6<br>Fastigheten byggdes av <strong>Sandb\u00e4ck Jonas Larsson<\/strong> 1893-1972, gift med <strong>Sandb\u00e4ck Anna Persdotter<\/strong> 1875-1966.<br><br>En del av huset hyrdes ut till Hulda Sofia Bengtsson 1913-1981 fr\u00e5n V\u00e5mhus, gift med Gustaf Sigfrid Bengtsson 1910-1989 fr\u00e5n Norra R\u00e5da.<br><br>Huset bebos idag av <strong>Aina Ingeborg Holmberg f. Malm\u00e9n<\/strong> dotter till Per Olof Malm\u00e9n och <strong>Maj-Lis Sj\u00f6gren<\/strong>. Hon \u00e4r gift med <strong>Per Erik G\u00f6sta Holmberg <\/strong>fr\u00e5n J\u00e4rna.<br>Dottern Anna Linnea Ingeborg Homberg \u00e4r f\u00f6dd h\u00e4r och numer bosatt Idb\u00e4ck 29:22.<br>Sonen Lar Per Knut Holmberg ocks\u00e5 f\u00f6dd h\u00e4r men numer bosatt i mitt f\u00f6delsehem Idb\u00e4ck 10:13.<\/p>\n<\/div><\/div>\n\n\n\n<div class=\"wp-block-media-text alignwide is-stacked-on-mobile\"><figure class=\"wp-block-media-text__media\"><img loading=\"lazy\" decoding=\"async\" width=\"1024\" height=\"504\" src=\"https:\/\/malung.arnemal.com\/wp-content\/uploads\/2021\/03\/Idback-29_20-1-1024x504.jpg\" alt=\"\" class=\"wp-image-1280 size-full\" srcset=\"https:\/\/malung.arnemal.com\/wp-content\/uploads\/2021\/03\/Idback-29_20-1-1024x504.jpg 1024w, https:\/\/malung.arnemal.com\/wp-content\/uploads\/2021\/03\/Idback-29_20-1-300x148.jpg 300w, https:\/\/malung.arnemal.com\/wp-content\/uploads\/2021\/03\/Idback-29_20-1-768x378.jpg 768w, https:\/\/malung.arnemal.com\/wp-content\/uploads\/2021\/03\/Idback-29_20-1.jpg 1412w\" sizes=\"(max-width: 1024px) 100vw, 1024px\" \/><\/figure><div class=\"wp-block-media-text__content\">\n<p class=\"has-luminous-vivid-amber-background-color has-background\">Idb\u00e4ck 29:20<br>Hit flyttade&nbsp;<strong>Axel Birger Malm\u00e9n<\/strong>1916-1977, gift med&nbsp;<strong>Gunborg Naemi Engstr\u00f6m<\/strong>&nbsp;f, 1923.<br>Barnen:<br><strong>Birger G\u00f6ran Mikael Malm\u00e9n<\/strong>&nbsp;f. 1945<br><strong>Ester Gunilla Elisabet Malm\u00e9n<\/strong>&nbsp;f. 1948<br>Gunborg bor fortfarande kvar.<br><br><a href=\"https:\/\/malung.arnemal.com\/wp-content\/uploads\/2021\/03\/Kartbild-Idback-29_20-1.jpg\">Kartbild<\/a><\/p>\n<\/div><\/div>\n\n\n\n<div class=\"wp-block-media-text alignwide is-stacked-on-mobile\"><figure class=\"wp-block-media-text__media\"><img loading=\"lazy\" decoding=\"async\" width=\"302\" height=\"227\" src=\"https:\/\/malung.arnemal.com\/wp-content\/uploads\/2021\/03\/Hus1.jpg\" alt=\"\" class=\"wp-image-451 size-full\" srcset=\"https:\/\/malung.arnemal.com\/wp-content\/uploads\/2021\/03\/Hus1.jpg 302w, https:\/\/malung.arnemal.com\/wp-content\/uploads\/2021\/03\/Hus1-300x225.jpg 300w\" sizes=\"(max-width: 302px) 100vw, 302px\" \/><\/figure><div class=\"wp-block-media-text__content\">\n<p class=\"has-light-green-cyan-background-color has-background\">Idb\u00e4ck 10:13<br>Detta hus bygger\u00a0<strong>Erik Sigurd Malm\u00e9n<\/strong>\u00a0f, 1921 gift\u00a0<strong>Karin Dagmar Nilsson<\/strong>\u00a0f, 1926. <br>K\u00f6pebrev daterat 1953-05-27. Byggnads\u00e5r 1945. Karin och Sigurd vigdes 1947-10-25 och bodde d\u00e5 in en barack p\u00e5 Valfrid Malm\u00e9n tomt tills huset blev klart.<br>Barnen:<br><strong>Karin Inger Malm\u00e9n<\/strong>\u00a01949-1987<br><strong>Bertil Arne Malm\u00e9n f 1956 (Jag)<\/strong><br><strong>Ulla Kristina Malm\u00e9n<\/strong>\u00a0f, 1956I <br>huset bor nu\u00a0<strong>Lars Holmberg\u00a0<\/strong>med familj. Han \u00e4r son till\u00a0<strong>Aina Holmberg<\/strong>\u00a0f. 1949 gift med\u00a0<strong>Per Erik G\u00f6sta Holmberg<\/strong>\u00a0f, 1948. Aina \u00e4r dotter till Per Olof Malm\u00e9n, och Aina \u00e4r d\u00e5 min kusin.<br><br><a href=\"https:\/\/malung.arnemal.com\/wp-content\/uploads\/2021\/03\/Kartbild-Idback-10_13-1.jpg\">Kartbild<\/a><\/p>\n\n\n\n<p><\/p>\n\n\n\n<p><\/p>\n<\/div><\/div>\n\n\n\n<div class=\"wp-block-media-text alignwide is-stacked-on-mobile\"><figure class=\"wp-block-media-text__media\"><img loading=\"lazy\" decoding=\"async\" width=\"468\" height=\"461\" src=\"https:\/\/malung.arnemal.com\/wp-content\/uploads\/2021\/03\/Bjuraker-197.jpg\" alt=\"\" class=\"wp-image-155 size-full\" srcset=\"https:\/\/malung.arnemal.com\/wp-content\/uploads\/2021\/03\/Bjuraker-197.jpg 468w, https:\/\/malung.arnemal.com\/wp-content\/uploads\/2021\/03\/Bjuraker-197-300x296.jpg 300w\" sizes=\"(max-width: 468px) 100vw, 468px\" \/><\/figure><div class=\"wp-block-media-text__content\">\n<p class=\"has-black-color has-text-color has-background\" style=\"background-color:#8c9369\"><br><br>Fastigheten \u00e4r bel\u00e4gen i Bjur\u00e5ker i Yttermalung som tillh\u00f6r Malungs kommun. Fastigheten l\u00e4ngs s\u00f6derut i Yttermalung. Min morfar byggde och bosatte sig h\u00e4r i tiden f\u00f6r giftem\u00e5let 1918-11-16 med min mormor.<br><strong>Larses Nils Jonsson<\/strong>&nbsp;1892-1978, gift med&nbsp;<strong>Beda Maria Johansson<\/strong>&nbsp;1891-1988.<br>Barnen:<br><strong>Anna Dagny Nilsson&nbsp;<\/strong>1919-1993<br><strong>Nils Dage Nilsson<\/strong>&nbsp;1925-1932<br><strong>Karin Dagmar Nilsson<\/strong>&nbsp;1926-2013<br><br><a href=\"https:\/\/malung.arnemal.com\/wp-content\/uploads\/2021\/03\/Kartbild-Bjuraker-19_7-1.jpg\">Kartbild<\/a><\/p>\n<\/div><\/div>\n\n\n\n<p><\/p>\n","protected":false},"excerpt":{"rendered":"<p>H\u00e4r kommer lite bilder och vilka m\u00e4nniskor som bebott olika fastigheter i Idb\u00e4ck. Bilder och personer \u00e4r p\u00e5 min fars sida. Idb\u00e4ck 16:11 Birgersg\u00e5rden G\u00e5rden ligger i s\u00f6dra delen av Idb\u00e4ck.&nbsp;P\u00e5 denna g\u00e5rd l\u00e5g ett hus d\u00e4r&nbsp;Byril Halvarsson f 1742&nbsp;bodde med sin hustru&nbsp;Magnil Anna Halvarsson&nbsp;f. 1738. Byril \u00e4r fr\u00e5n Norge.Paret hade tv\u00e5 s\u00f6ner:Birgers Halvar Halvarsson&nbsp;f. [&hellip;]<\/p>\n","protected":false},"author":2,"featured_media":0,"parent":0,"menu_order":0,"comment_status":"closed","ping_status":"closed","template":"template-fullwidth.php","meta":{"ngg_post_thumbnail":0,"footnotes":""},"class_list":["post-247","page","type-page","status-publish","hentry","post-preview"],"_links":{"self":[{"href":"https:\/\/malung.arnemal.com\/index.php?rest_route=\/wp\/v2\/pages\/247","targetHints":{"allow":["GET"]}}],"collection":[{"href":"https:\/\/malung.arnemal.com\/index.php?rest_route=\/wp\/v2\/pages"}],"about":[{"href":"https:\/\/malung.arnemal.com\/index.php?rest_route=\/wp\/v2\/types\/page"}],"author":[{"embeddable":true,"href":"https:\/\/malung.arnemal.com\/index.php?rest_route=\/wp\/v2\/users\/2"}],"replies":[{"embeddable":true,"href":"https:\/\/malung.arnemal.com\/index.php?rest_route=%2Fwp%2Fv2%2Fcomments&post=247"}],"version-history":[{"count":0,"href":"https:\/\/malung.arnemal.com\/index.php?rest_route=\/wp\/v2\/pages\/247\/revisions"}],"wp:attachment":[{"href":"https:\/\/malung.arnemal.com\/index.php?rest_route=%2Fwp%2Fv2%2Fmedia&parent=247"}],"curies":[{"name":"wp","href":"https:\/\/api.w.org\/{rel}","templated":true}]}}