{"id":3946,"date":"2021-03-29T14:41:35","date_gmt":"2021-03-29T14:41:35","guid":{"rendered":"http:\/\/192.168.50.26:8025\/strato\/Malung\/?page_id=3946"},"modified":"2022-01-19T17:55:12","modified_gmt":"2022-01-19T17:55:12","slug":"mosa-per-malmens-familj","status":"publish","type":"page","link":"https:\/\/malung.arnemal.com\/?page_id=3946","title":{"rendered":"Per Malm\u00e9ns familj"},"content":{"rendered":"\n<p>Mosa Per Malm\u00e9n 1853-08-12 &#8211;1920-08-08 f\u00f6ddes och dog i Idb\u00e4ck. Han var skoll\u00e4rare. <br>Pers far va<a href=\"https:\/\/malung.arnemal.com\/amerikabrevet\/\">r Mosa Mats Gudmundsson<\/a> som har en egen l\u00e4nk i menyn. Han emigrerade till Minnesota i Usa och l\u00e4mnade sin familj hemma med tanken att de skulle komma efter. <\/p>\n\n\n\nngg_shortcode_0_placeholder\n\n\n\n<p class=\"has-medium-font-size\"><strong><a href=\"https:\/\/malung.arnemal.com\/wp-content\/uploads\/2021\/03\/Stamtrad-Per-Malmen-1853-1920.pdf\">Per Malm\u00e9ns stamtr\u00e4d<\/a><\/strong> (klickbar l\u00e4nk)<\/p>\n\n\n\n<p><\/p>\n\n\n\n<p class=\"has-medium-font-size\"><strong>Detta \u00e4r Per Malm\u00e9n syskon.<\/strong><\/p>\n\n\n\n<div class=\"wp-block-media-text alignwide is-stacked-on-mobile\" style=\"grid-template-columns:16% auto\"><figure class=\"wp-block-media-text__media\"><img fetchpriority=\"high\" decoding=\"async\" width=\"650\" height=\"1024\" src=\"https:\/\/malung.arnemal.com\/wp-content\/uploads\/2021\/03\/Knut-Olof-Matsson-1-650x1024.jpg\" alt=\"\" class=\"wp-image-1474 size-full\" srcset=\"https:\/\/malung.arnemal.com\/wp-content\/uploads\/2021\/03\/Knut-Olof-Matsson-1-650x1024.jpg 650w, https:\/\/malung.arnemal.com\/wp-content\/uploads\/2021\/03\/Knut-Olof-Matsson-1-191x300.jpg 191w, https:\/\/malung.arnemal.com\/wp-content\/uploads\/2021\/03\/Knut-Olof-Matsson-1-768x1209.jpg 768w, https:\/\/malung.arnemal.com\/wp-content\/uploads\/2021\/03\/Knut-Olof-Matsson-1-975x1536.jpg 975w, https:\/\/malung.arnemal.com\/wp-content\/uploads\/2021\/03\/Knut-Olof-Matsson-1-1301x2048.jpg 1301w, https:\/\/malung.arnemal.com\/wp-content\/uploads\/2021\/03\/Knut-Olof-Matsson-1.jpg 1345w\" sizes=\"(max-width: 650px) 100vw, 650px\" \/><\/figure><div class=\"wp-block-media-text__content\">\n<p>Per Malm\u00e9n bror<br>Knut Olof Matsson<br>F\u00f6dd 1857-03-15<br>D\u00f6d 1937-09-04<\/p>\n<\/div><\/div>\n\n\n\n<div class=\"wp-block-media-text alignwide is-stacked-on-mobile\" style=\"grid-template-columns:16% auto\"><figure class=\"wp-block-media-text__media\"><img decoding=\"async\" width=\"551\" height=\"685\" src=\"https:\/\/malung.arnemal.com\/wp-content\/uploads\/2021\/03\/Erik-Malmen-copy.jpg\" alt=\"\" class=\"wp-image-303 size-full\" srcset=\"https:\/\/malung.arnemal.com\/wp-content\/uploads\/2021\/03\/Erik-Malmen-copy.jpg 551w, https:\/\/malung.arnemal.com\/wp-content\/uploads\/2021\/03\/Erik-Malmen-copy-241x300.jpg 241w\" sizes=\"(max-width: 551px) 100vw, 551px\" \/><\/figure><div class=\"wp-block-media-text__content\">\n<p>Per Malm\u00e9ns bror<br>Erik Malm\u00e9n<br>F\u00f6dd 1851-05-29 Idb\u00e4ck<br>D\u00f6d 1920-0925 \u00d6stra Fors<br>L\u00e4rare<\/p>\n<\/div><\/div>\n\n\n\n<p><\/p>\n","protected":false},"excerpt":{"rendered":"<p>Mosa Per Malm\u00e9n 1853-08-12 &#8211;1920-08-08 f\u00f6ddes och dog i Idb\u00e4ck. Han var skoll\u00e4rare. Pers far var Mosa Mats Gudmundsson som har en egen l\u00e4nk i menyn. Han emigrerade till Minnesota i Usa och l\u00e4mnade sin familj hemma med tanken att de skulle komma efter. Per Malm\u00e9ns stamtr\u00e4d (klickbar l\u00e4nk) Detta \u00e4r Per Malm\u00e9n syskon. Per [&hellip;]<\/p>\n","protected":false},"author":2,"featured_media":0,"parent":0,"menu_order":0,"comment_status":"closed","ping_status":"closed","template":"","meta":{"ngg_post_thumbnail":0,"footnotes":""},"class_list":["post-3946","page","type-page","status-publish","hentry","post-preview"],"_links":{"self":[{"href":"https:\/\/malung.arnemal.com\/index.php?rest_route=\/wp\/v2\/pages\/3946","targetHints":{"allow":["GET"]}}],"collection":[{"href":"https:\/\/malung.arnemal.com\/index.php?rest_route=\/wp\/v2\/pages"}],"about":[{"href":"https:\/\/malung.arnemal.com\/index.php?rest_route=\/wp\/v2\/types\/page"}],"author":[{"embeddable":true,"href":"https:\/\/malung.arnemal.com\/index.php?rest_route=\/wp\/v2\/users\/2"}],"replies":[{"embeddable":true,"href":"https:\/\/malung.arnemal.com\/index.php?rest_route=%2Fwp%2Fv2%2Fcomments&post=3946"}],"version-history":[{"count":0,"href":"https:\/\/malung.arnemal.com\/index.php?rest_route=\/wp\/v2\/pages\/3946\/revisions"}],"wp:attachment":[{"href":"https:\/\/malung.arnemal.com\/index.php?rest_route=%2Fwp%2Fv2%2Fmedia&parent=3946"}],"curies":[{"name":"wp","href":"https:\/\/api.w.org\/{rel}","templated":true}]}}