{"id":3967,"date":"2021-03-29T15:35:08","date_gmt":"2021-03-29T15:35:08","guid":{"rendered":"http:\/\/192.168.50.26:8025\/strato\/Malung\/?page_id=3967"},"modified":"2025-12-02T07:35:14","modified_gmt":"2025-12-02T07:35:14","slug":"familjesida","status":"publish","type":"page","link":"https:\/\/malung.arnemal.com\/?page_id=3967","title":{"rendered":"Familjesida"},"content":{"rendered":"\n<p class=\"has-large-font-size\">H\u00e4r kommer alla familjer jag lagt upp information och bilder p\u00e5.<\/p>\n\n\n\n<p><a href=\"https:\/\/malung.arnemal.com\/?page_id=2001\" data-type=\"page\" data-id=\"2001\">Mosa Mats Gudmundsson <\/a>familj med anor, \u00e4ttlingar och amerikabrevet mm. (Min farfars farfar)<br><a href=\"https:\/\/malung.arnemal.com\/?page_id=3946\" data-type=\"page\" data-id=\"3946\">Per Malm\u00e9ns<\/a> familj (Min farfars far)<br><a href=\"https:\/\/malung.arnemal.com\/?page_id=3900\" data-type=\"page\" data-id=\"3900\">Teodor Malm\u00e9ns<\/a> familj (Min farfar)<br><a href=\"https:\/\/malung.arnemal.com\/?page_id=5881\" data-type=\"page\" data-id=\"5881\">Birger Malm\u00e9ns familj<\/a> (Min farbror)<br><a href=\"https:\/\/malung.arnemal.com\/?page_id=3812\" data-type=\"page\" data-id=\"3812\">Sigurd Malm\u00e9ns<\/a> familj (Min far)<br><a href=\"https:\/\/malung.arnemal.com\/?page_id=5860\" data-type=\"page\" data-id=\"5860\">Ivar Malm\u00e9ns<\/a> familj (Min farbror)<br><a href=\"https:\/\/malung.arnemal.com\/?page_id=4694\" data-type=\"page\" data-id=\"4694\">Inger Malm\u00e9ns<\/a> familj (Mins storasyster, avliden)<br><a href=\"https:\/\/malung.arnemal.com\/?page_id=4820\" data-type=\"page\" data-id=\"4820\">Christina Malm\u00e9ns<\/a> familj (Min tvillingsyster)<br><a href=\"https:\/\/malung.arnemal.com\/?page_id=3860\" data-type=\"page\" data-id=\"3860\">Arne Malm\u00e9ns<\/a> familj (Min familj)<br><a href=\"https:\/\/malung.arnemal.com\/?page_id=3914\" data-type=\"page\" data-id=\"3914\">Charlotte Tryggs<\/a> familj (Min dotter)<br><a href=\"https:\/\/malung.arnemal.com\/?page_id=3930\" data-type=\"page\" data-id=\"3930\">Jenny Malm\u00e9ns<\/a> familj Min dotter)<br><\/p>\n\n\n\n<figure class=\"wp-block-image size-large\"><img decoding=\"async\" src=\"https:\/\/malung.arnemal.com\/wp-content\/uploads\/2021\/03\/Attlingar-Mosa-Mats-Gudmundsson-1821-1887-1.png\" alt=\"\"\/><figcaption class=\"wp-element-caption\">\u00c4ttlingar Mosa Mats Gudmundsson (1821 &#8211; 1887)<\/figcaption><\/figure>\n\n\n\n<p><\/p>\n","protected":false},"excerpt":{"rendered":"<p>H\u00e4r kommer alla familjer jag lagt upp information och bilder p\u00e5. Mosa Mats Gudmundsson familj med anor, \u00e4ttlingar och amerikabrevet mm. (Min farfars farfar)Per Malm\u00e9ns familj (Min farfars far)Teodor Malm\u00e9ns familj (Min farfar)Birger Malm\u00e9ns familj (Min farbror)Sigurd Malm\u00e9ns familj (Min far)Ivar Malm\u00e9ns familj (Min farbror)Inger Malm\u00e9ns familj (Mins storasyster, avliden)Christina Malm\u00e9ns familj (Min tvillingsyster)Arne Malm\u00e9ns [&hellip;]<\/p>\n","protected":false},"author":2,"featured_media":0,"parent":0,"menu_order":0,"comment_status":"closed","ping_status":"closed","template":"","meta":{"ngg_post_thumbnail":0,"footnotes":""},"class_list":["post-3967","page","type-page","status-publish","hentry","post-preview"],"_links":{"self":[{"href":"https:\/\/malung.arnemal.com\/index.php?rest_route=\/wp\/v2\/pages\/3967","targetHints":{"allow":["GET"]}}],"collection":[{"href":"https:\/\/malung.arnemal.com\/index.php?rest_route=\/wp\/v2\/pages"}],"about":[{"href":"https:\/\/malung.arnemal.com\/index.php?rest_route=\/wp\/v2\/types\/page"}],"author":[{"embeddable":true,"href":"https:\/\/malung.arnemal.com\/index.php?rest_route=\/wp\/v2\/users\/2"}],"replies":[{"embeddable":true,"href":"https:\/\/malung.arnemal.com\/index.php?rest_route=%2Fwp%2Fv2%2Fcomments&post=3967"}],"version-history":[{"count":0,"href":"https:\/\/malung.arnemal.com\/index.php?rest_route=\/wp\/v2\/pages\/3967\/revisions"}],"wp:attachment":[{"href":"https:\/\/malung.arnemal.com\/index.php?rest_route=%2Fwp%2Fv2%2Fmedia&parent=3967"}],"curies":[{"name":"wp","href":"https:\/\/api.w.org\/{rel}","templated":true}]}}