{"id":5728,"date":"2021-03-29T18:52:31","date_gmt":"2021-03-29T18:52:31","guid":{"rendered":"http:\/\/192.168.50.26:8025\/strato\/Malung\/?page_id=5728"},"modified":"2023-11-25T14:53:12","modified_gmt":"2023-11-25T14:53:12","slug":"alla-personfoton","status":"publish","type":"page","link":"https:\/\/malung.arnemal.com\/?page_id=5728","title":{"rendered":"Alla personfoton"},"content":{"rendered":"\n<p>Ett tips ! H\u00e5ll musen stilla \u00f6ver en bild s\u00e5 visasf\u00f6rhoppningsvis ett namn p\u00e5 personen. Ni kan ocks\u00e5 klicka p\u00e5 bilden f\u00f6r att f\u00f6rstora den.<\/p>\n\n\n\nngg_shortcode_0_placeholder\n","protected":false},"excerpt":{"rendered":"<p>Ett tips ! H\u00e5ll musen stilla \u00f6ver en bild s\u00e5 visasf\u00f6rhoppningsvis ett namn p\u00e5 personen. Ni kan ocks\u00e5 klicka p\u00e5 bilden f\u00f6r att f\u00f6rstora den.<\/p>\n","protected":false},"author":2,"featured_media":0,"parent":0,"menu_order":0,"comment_status":"closed","ping_status":"closed","template":"template-fullwidth.php","meta":{"ngg_post_thumbnail":0,"footnotes":""},"class_list":["post-5728","page","type-page","status-publish","hentry","post-preview"],"_links":{"self":[{"href":"https:\/\/malung.arnemal.com\/index.php?rest_route=\/wp\/v2\/pages\/5728","targetHints":{"allow":["GET"]}}],"collection":[{"href":"https:\/\/malung.arnemal.com\/index.php?rest_route=\/wp\/v2\/pages"}],"about":[{"href":"https:\/\/malung.arnemal.com\/index.php?rest_route=\/wp\/v2\/types\/page"}],"author":[{"embeddable":true,"href":"https:\/\/malung.arnemal.com\/index.php?rest_route=\/wp\/v2\/users\/2"}],"replies":[{"embeddable":true,"href":"https:\/\/malung.arnemal.com\/index.php?rest_route=%2Fwp%2Fv2%2Fcomments&post=5728"}],"version-history":[{"count":0,"href":"https:\/\/malung.arnemal.com\/index.php?rest_route=\/wp\/v2\/pages\/5728\/revisions"}],"wp:attachment":[{"href":"https:\/\/malung.arnemal.com\/index.php?rest_route=%2Fwp%2Fv2%2Fmedia&parent=5728"}],"curies":[{"name":"wp","href":"https:\/\/api.w.org\/{rel}","templated":true}]}}