{"id":6,"date":"2021-03-22T18:21:55","date_gmt":"2021-03-22T18:21:55","guid":{"rendered":"https:\/\/xn--idbck-ira.arnemalmens.website\/?page_id=6"},"modified":"2025-12-03T20:27:12","modified_gmt":"2025-12-03T20:27:12","slug":"nya-umoma-valkomnar-allmanheten-2","status":"publish","type":"page","link":"https:\/\/malung.arnemal.com\/","title":{"rendered":"Sl\u00e4ktforskning i Malung"},"content":{"rendered":"\n<p class=\"has-dark-gray-color has-text-color has-background\" style=\"background:linear-gradient(82deg,rgb(252,185,0) 14%,rgb(255,105,0) 50%)\">Jag har ytterligare n\u00e5gra sajter med sl\u00e4ktforskning,tv\u00e5 av dem beh\u00f6vs det inloggningsuppgifter till som ni kan f\u00e5 om ni kontaktar mig.<br><br>F\u00f6r att surfa in p\u00e5 dessa sidor kan nig kopiera l\u00e4nken och klistra in i eran webl\u00e4sare. Tng och Webtrees kan ni titta i utan l\u00f6senord men vill ni se mera kontakta mig s\u00e5 f\u00e5r ni en inloggning.<br><br>Webtrees \u00e4r ett lite mer komplext sl\u00e4ktforskningsprogaram. <a href=\"https:\/\/webtrees.arnemal.com\">https:\/\/webtrees.arnemal.com<\/a><br><br>Tng \u00e4r ett mer avancerat program <a href=\"https:\/\/tng.arnemal.com\">https:\/\/tng.arnemal.com<\/a><br><br>Ett lite enklare webprogram finns p\u00e5 Genneyweb <a href=\"https:\/\/genneyweb.se\/ArneMalmen\/\">https:\/\/genneyweb.se\/arnemalmen<\/a><br><\/p>\n\n\n\n<p class=\"has-luminous-vivid-amber-to-luminous-vivid-orange-gradient-background has-background\">Karta med Idb\u00e4ck i Malung men namnet Idb\u00e4ck st\u00e5r p\u00e5 fel sida av V\u00e4sterdal\u00e4lven. Kartan kan zoomas och man kan v\u00e4xla till satelitbilder.<\/p>\n\n\n\n<p class=\"has-background\" style=\"background:linear-gradient(135deg,rgb(252,185,0) 21%,rgb(255,105,0) 100%)\">H\u00e4r kommer bilder p\u00e5 mina \u00e4ttlingar och anf\u00e4der. Det \u00e4r av utrymmessk\u00e4l och l\u00e4sbarhet sv\u00e5rt att f\u00e5 med mer anor men dom str\u00e4cker<br>betydligt l\u00e4ngre bak i tiden \u00e4n som visas h\u00e4r. <\/p>\n\n\n\n<p class=\"has-luminous-vivid-amber-to-luminous-vivid-orange-gradient-background has-background has-small-font-size\">Detta \u00e4r Arne Malm\u00e9n \u00e4ttlingar<\/p>\n\n\n\n<figure class=\"wp-block-image size-large\"><img fetchpriority=\"high\" decoding=\"async\" width=\"1024\" height=\"501\" src=\"https:\/\/malung.arnemal.com\/wp-content\/uploads\/2021\/03\/Arne-Malmen-attlingar-1-1024x501.jpg\" alt=\"\" class=\"wp-image-2084\" srcset=\"https:\/\/malung.arnemal.com\/wp-content\/uploads\/2021\/03\/Arne-Malmen-attlingar-1-1024x501.jpg 1024w, https:\/\/malung.arnemal.com\/wp-content\/uploads\/2021\/03\/Arne-Malmen-attlingar-1-300x147.jpg 300w, https:\/\/malung.arnemal.com\/wp-content\/uploads\/2021\/03\/Arne-Malmen-attlingar-1-768x376.jpg 768w, https:\/\/malung.arnemal.com\/wp-content\/uploads\/2021\/03\/Arne-Malmen-attlingar-1.jpg 1099w\" sizes=\"(max-width: 1024px) 100vw, 1024px\" \/><figcaption class=\"wp-element-caption\">Arne Malm\u00e9n \u00e4ttlingar<\/figcaption><\/figure>\n\n\n\n<p class=\"has-luminous-vivid-amber-to-luminous-vivid-orange-gradient-background has-background has-small-font-size\">Arne Malm\u00e9n anor i 4 generationer<\/p>\n\n\n\n<figure class=\"wp-block-image size-full\"><img decoding=\"async\" width=\"982\" height=\"854\" src=\"https:\/\/malung.arnemal.com\/wp-content\/uploads\/2021\/03\/Arne-Malmens-anor-4-gen.jpg\" alt=\"\" class=\"wp-image-2035\" srcset=\"https:\/\/malung.arnemal.com\/wp-content\/uploads\/2021\/03\/Arne-Malmens-anor-4-gen.jpg 982w, https:\/\/malung.arnemal.com\/wp-content\/uploads\/2021\/03\/Arne-Malmens-anor-4-gen-300x261.jpg 300w, https:\/\/malung.arnemal.com\/wp-content\/uploads\/2021\/03\/Arne-Malmens-anor-4-gen-768x668.jpg 768w\" sizes=\"(max-width: 982px) 100vw, 982px\" \/><figcaption class=\"wp-element-caption\">Arne Malmens anor 4 gen<\/figcaption><\/figure>\n\n\n\n<p class=\"has-luminous-vivid-amber-to-luminous-vivid-orange-gradient-background has-background has-small-font-size\">\u00c4ttlingar till mamma Karin och pappa Sigurd Malm\u00e9n<\/p>\n\n\n\n<figure class=\"wp-block-image size-full\"><img decoding=\"async\" width=\"887\" height=\"979\" src=\"https:\/\/malung.arnemal.com\/wp-content\/uploads\/2021\/03\/Slakttavla-Erik-Sigurd-Malmen-1921-1988.png\" alt=\"\" class=\"wp-image-5891\" srcset=\"https:\/\/malung.arnemal.com\/wp-content\/uploads\/2021\/03\/Slakttavla-Erik-Sigurd-Malmen-1921-1988.png 887w, https:\/\/malung.arnemal.com\/wp-content\/uploads\/2021\/03\/Slakttavla-Erik-Sigurd-Malmen-1921-1988-272x300.png 272w, https:\/\/malung.arnemal.com\/wp-content\/uploads\/2021\/03\/Slakttavla-Erik-Sigurd-Malmen-1921-1988-768x848.png 768w\" sizes=\"(max-width: 887px) 100vw, 887px\" \/><\/figure>\n","protected":false},"excerpt":{"rendered":"<p>Jag har ytterligare n\u00e5gra sajter med sl\u00e4ktforskning,tv\u00e5 av dem beh\u00f6vs det inloggningsuppgifter till som ni kan f\u00e5 om ni kontaktar mig. F\u00f6r att surfa in p\u00e5 dessa sidor kan nig kopiera l\u00e4nken och klistra in i eran webl\u00e4sare. Tng och Webtrees kan ni titta i utan l\u00f6senord men vill ni se mera kontakta mig s\u00e5 [&hellip;]<\/p>\n","protected":false},"author":2,"featured_media":0,"parent":0,"menu_order":0,"comment_status":"closed","ping_status":"closed","template":"template-fullwidth.php","meta":{"ngg_post_thumbnail":0,"footnotes":""},"class_list":["post-6","page","type-page","status-publish","hentry","post-preview"],"_links":{"self":[{"href":"https:\/\/malung.arnemal.com\/index.php?rest_route=\/wp\/v2\/pages\/6","targetHints":{"allow":["GET"]}}],"collection":[{"href":"https:\/\/malung.arnemal.com\/index.php?rest_route=\/wp\/v2\/pages"}],"about":[{"href":"https:\/\/malung.arnemal.com\/index.php?rest_route=\/wp\/v2\/types\/page"}],"author":[{"embeddable":true,"href":"https:\/\/malung.arnemal.com\/index.php?rest_route=\/wp\/v2\/users\/2"}],"replies":[{"embeddable":true,"href":"https:\/\/malung.arnemal.com\/index.php?rest_route=%2Fwp%2Fv2%2Fcomments&post=6"}],"version-history":[{"count":8,"href":"https:\/\/malung.arnemal.com\/index.php?rest_route=\/wp\/v2\/pages\/6\/revisions"}],"predecessor-version":[{"id":13717,"href":"https:\/\/malung.arnemal.com\/index.php?rest_route=\/wp\/v2\/pages\/6\/revisions\/13717"}],"wp:attachment":[{"href":"https:\/\/malung.arnemal.com\/index.php?rest_route=%2Fwp%2Fv2%2Fmedia&parent=6"}],"curies":[{"name":"wp","href":"https:\/\/api.w.org\/{rel}","templated":true}]}}