{"id":651,"date":"2021-03-26T18:56:05","date_gmt":"2021-03-26T18:56:05","guid":{"rendered":"http:\/\/192.168.50.26:8025\/strato\/Malung\/?page_id=651"},"modified":"2022-01-23T13:44:22","modified_gmt":"2022-01-23T13:44:22","slug":"dronarsidan","status":"publish","type":"page","link":"https:\/\/malung.arnemal.com\/?page_id=651","title":{"rendered":"Dr\u00f6nar och husbilssidan"},"content":{"rendered":"\n<div class=\"wp-block-media-text alignwide is-stacked-on-mobile\" style=\"grid-template-columns:21% auto\"><figure class=\"wp-block-media-text__media\"><img fetchpriority=\"high\" decoding=\"async\" width=\"960\" height=\"720\" src=\"https:\/\/malung.arnemal.com\/Malung\/wp-content\/uploads\/2021\/03\/Mavic-2-Zoom.jpg\" alt=\"\" class=\"wp-image-566 size-full\" srcset=\"https:\/\/malung.arnemal.com\/wp-content\/uploads\/2021\/03\/Mavic-2-Zoom.jpg 960w, https:\/\/malung.arnemal.com\/wp-content\/uploads\/2021\/03\/Mavic-2-Zoom-300x225.jpg 300w, https:\/\/malung.arnemal.com\/wp-content\/uploads\/2021\/03\/Mavic-2-Zoom-768x576.jpg 768w\" sizes=\"(max-width: 960px) 100vw, 960px\" \/><\/figure><div class=\"wp-block-media-text__content\">\n<p class=\"has-background has-normal-font-size\" style=\"background-color:#e6e9db\">Det h\u00e4r \u00e4r min 2:a dr\u00f6nare. Mavic 2 Zoom ink\u00f6pt 2020. F\u00f6re det hade jag en Mavic Air men jag bytte mycket f\u00f6r att jag var ute efter zoom funktionen och lite tystare dr\u00f6nare med b\u00e4ttre prestanda. <br>Flygandet har g\u00e5tt bra med den nyare dr\u00f6naren, den f\u00f6rsta kraschade jag med ett par g\u00e5nger men det klarade sig med skador p\u00e5 propellrar bara.<br>Nu under h\u00f6sten och vintern har det inte blivit n\u00e5got flygande, f\u00f6r kallt \u00e5t fingrarna men snart \u00e4r jag ig\u00e5ng igen. N\u00e4r vi \u00e5ker ut med husbilen blir det alltid en flygning och filmande p\u00e5 den nya platsen. <br>Har ocks\u00e5 t\u00e4nkt anv\u00e4nda den till min sl\u00e4ktforskning. Jag t\u00e4nkte flyta och filma och fota hela min hemby i Malung f\u00f6r sen kunna dokumenterar byn och inv\u00e5narna fr\u00e5n f\u00f6rr p\u00e5 ett \u00e5sk\u00e5dligt s\u00e4tt.<\/p>\n<\/div><\/div>\n\n\n\n<div class=\"wp-block-media-text alignwide is-stacked-on-mobile\"><figure class=\"wp-block-media-text__media\"><img decoding=\"async\" width=\"1024\" height=\"575\" src=\"https:\/\/malung.arnemal.com\/wp-content\/uploads\/2021\/05\/DJI_0801-1024x575.jpg\" alt=\"\" class=\"wp-image-9560 size-full\" srcset=\"https:\/\/malung.arnemal.com\/wp-content\/uploads\/2021\/05\/DJI_0801-1024x575.jpg 1024w, https:\/\/malung.arnemal.com\/wp-content\/uploads\/2021\/05\/DJI_0801-300x168.jpg 300w, https:\/\/malung.arnemal.com\/wp-content\/uploads\/2021\/05\/DJI_0801-768x431.jpg 768w, https:\/\/malung.arnemal.com\/wp-content\/uploads\/2021\/05\/DJI_0801-1536x863.jpg 1536w, https:\/\/malung.arnemal.com\/wp-content\/uploads\/2021\/05\/DJI_0801-2048x1150.jpg 2048w\" sizes=\"(max-width: 1024px) 100vw, 1024px\" \/><\/figure><div class=\"wp-block-media-text__content\">\n<p class=\"has-normal-font-size\">Westerqvarn igen 2021-05-14. Lite gr\u00f6nare och flera bilar denna helg.<\/p>\n<\/div><\/div>\n\n\n\n<div class=\"wp-block-media-text alignwide is-stacked-on-mobile\"><figure class=\"wp-block-media-text__media\"><img decoding=\"async\" width=\"1024\" height=\"575\" src=\"https:\/\/malung.arnemal.com\/Malung\/wp-content\/uploads\/2021\/04\/Westerqvarn-2021-04-18-1024x575.jpg\" alt=\"\" class=\"wp-image-7400 size-full\" srcset=\"https:\/\/malung.arnemal.com\/wp-content\/uploads\/2021\/04\/Westerqvarn-2021-04-18-1024x575.jpg 1024w, https:\/\/malung.arnemal.com\/wp-content\/uploads\/2021\/04\/Westerqvarn-2021-04-18-300x168.jpg 300w, https:\/\/malung.arnemal.com\/wp-content\/uploads\/2021\/04\/Westerqvarn-2021-04-18-768x431.jpg 768w, https:\/\/malung.arnemal.com\/wp-content\/uploads\/2021\/04\/Westerqvarn-2021-04-18-1536x862.jpg 1536w, https:\/\/malung.arnemal.com\/wp-content\/uploads\/2021\/04\/Westerqvarn-2021-04-18-2048x1150.jpg 2048w\" sizes=\"(max-width: 1024px) 100vw, 1024px\" \/><\/figure><div class=\"wp-block-media-text__content\">\n<p class=\"has-normal-font-size\"><strong>Westerqvarn 2021-04-18<\/strong><\/p>\n<\/div><\/div>\n\n\n\n<div class=\"wp-block-media-text alignwide is-stacked-on-mobile\"><figure class=\"wp-block-media-text__media\"><img loading=\"lazy\" decoding=\"async\" width=\"1024\" height=\"576\" src=\"https:\/\/malung.arnemal.com\/wp-content\/uploads\/2021\/04\/Westerqvarn-2021-04-17-1024x576.jpg\" alt=\"\" class=\"wp-image-7399 size-full\" srcset=\"https:\/\/malung.arnemal.com\/wp-content\/uploads\/2021\/04\/Westerqvarn-2021-04-17-1024x576.jpg 1024w, https:\/\/malung.arnemal.com\/wp-content\/uploads\/2021\/04\/Westerqvarn-2021-04-17-300x169.jpg 300w, https:\/\/malung.arnemal.com\/wp-content\/uploads\/2021\/04\/Westerqvarn-2021-04-17-768x432.jpg 768w, https:\/\/malung.arnemal.com\/wp-content\/uploads\/2021\/04\/Westerqvarn-2021-04-17-1536x864.jpg 1536w, https:\/\/malung.arnemal.com\/wp-content\/uploads\/2021\/04\/Westerqvarn-2021-04-17-2048x1152.jpg 2048w\" sizes=\"(max-width: 1024px) 100vw, 1024px\" \/><\/figure><div class=\"wp-block-media-text__content\">\n<p class=\"has-normal-font-size\"><strong>Westerqvarn 2021-04-18<\/strong><br>Mycket trivsam och lungn st\u00e4llplats. Tyv\u00e4rr hade det inte torkat upp s\u00e5 gr\u00e4smattan kunde inte anv\u00e4ndas. En f\u00f6rs\u00f6kte och fick sen slita i timmar f\u00f6r att f\u00e5 loss sin husbil.<br>220 kr per natt med el. Det finns dusch, toa, pentry och t\u00f6mning av gr\u00e5vatten och toa. Ett litet k\u00f6k med micro finns ocks\u00e5. Restaurant i stora r\u00f6da huset. Vet inte om det beror p\u00e5 tidig s\u00e4song men det verkar bara finnas pizza nu.<br>Westerqvarn ligger utanf\u00f6r V\u00e4ster\u00e5s, mellan Kolb\u00e4ck och Str\u00f6msholm. Golfbana finns alldeles intill. \u00c4ven \u00e4delfiske.<\/p>\n<\/div><\/div>\n\n\n\n<div class=\"wp-block-media-text alignwide is-stacked-on-mobile\"><figure class=\"wp-block-media-text__media\"><img loading=\"lazy\" decoding=\"async\" width=\"1024\" height=\"576\" src=\"https:\/\/malung.arnemal.com\/uploads\/2021\/03\/DJI_0562_3_4_easyHDR-standard-1024x576.jpg\" alt=\"\" class=\"wp-image-2102 size-full\" srcset=\"https:\/\/malung.arnemal.com\/wp-content\/uploads\/2021\/03\/DJI_0562_3_4_easyHDR-standard-1024x576.jpg 1024w, https:\/\/malung.arnemal.com\/wp-content\/uploads\/2021\/03\/DJI_0562_3_4_easyHDR-standard-300x169.jpg 300w, https:\/\/malung.arnemal.com\/wp-content\/uploads\/2021\/03\/DJI_0562_3_4_easyHDR-standard-768x432.jpg 768w, https:\/\/malung.arnemal.com\/wp-content\/uploads\/2021\/03\/DJI_0562_3_4_easyHDR-standard-1536x864.jpg 1536w, https:\/\/malung.arnemal.com\/wp-content\/uploads\/2021\/03\/DJI_0562_3_4_easyHDR-standard-2048x1152.jpg 2048w\" sizes=\"(max-width: 1024px) 100vw, 1024px\" \/><\/figure><div class=\"wp-block-media-text__content\">\n<p class=\"has-normal-font-size\">En bild fr\u00e5n 2020-07-27 och st\u00e4llplatsen i \u00d6regrund. Vi st\u00e5r ytterst n\u00e4rmas vattnet och det h\u00e4r \u00e4r en av v\u00e5ra favorit platser.<\/p>\n<\/div><\/div>\n\n\n\n<div class=\"wp-block-media-text alignwide is-stacked-on-mobile\"><figure class=\"wp-block-media-text__media\"><img loading=\"lazy\" decoding=\"async\" width=\"1024\" height=\"576\" src=\"https:\/\/malung.arnemal.com\/wp-content\/uploads\/2021\/03\/DJI_0027_8_9_easyHDR-standard-1024x576.jpg\" alt=\"\" class=\"wp-image-2105 size-full\" srcset=\"https:\/\/malung.arnemal.com\/wp-content\/uploads\/2021\/03\/DJI_0027_8_9_easyHDR-standard-1024x576.jpg 1024w, https:\/\/malung.arnemal.com\/wp-content\/uploads\/2021\/03\/DJI_0027_8_9_easyHDR-standard-300x169.jpg 300w, https:\/\/malung.arnemal.com\/wp-content\/uploads\/2021\/03\/DJI_0027_8_9_easyHDR-standard-768x432.jpg 768w, https:\/\/malung.arnemal.com\/wp-content\/uploads\/2021\/03\/DJI_0027_8_9_easyHDR-standard-1536x864.jpg 1536w, https:\/\/malung.arnemal.com\/wp-content\/uploads\/2021\/03\/DJI_0027_8_9_easyHDR-standard-2048x1152.jpg 2048w\" sizes=\"(max-width: 1024px) 100vw, 1024px\" \/><\/figure><div class=\"wp-block-media-text__content\">\n<p class=\"has-normal-font-size\">Ett annat favoritst\u00e4lle, Westerqvarn utanf\u00f6r V\u00e4ster\u00e5s 2020-05-22<\/p>\n<\/div><\/div>\n","protected":false},"excerpt":{"rendered":"<p>Det h\u00e4r \u00e4r min 2:a dr\u00f6nare. Mavic 2 Zoom ink\u00f6pt 2020. F\u00f6re det hade jag en Mavic Air men jag bytte mycket f\u00f6r att jag var ute efter zoom funktionen och lite tystare dr\u00f6nare med b\u00e4ttre prestanda. Flygandet har g\u00e5tt bra med den nyare dr\u00f6naren, den f\u00f6rsta kraschade jag med ett par g\u00e5nger men det [&hellip;]<\/p>\n","protected":false},"author":2,"featured_media":0,"parent":0,"menu_order":0,"comment_status":"closed","ping_status":"closed","template":"","meta":{"ngg_post_thumbnail":0,"footnotes":""},"class_list":["post-651","page","type-page","status-publish","hentry","post-preview"],"_links":{"self":[{"href":"https:\/\/malung.arnemal.com\/index.php?rest_route=\/wp\/v2\/pages\/651","targetHints":{"allow":["GET"]}}],"collection":[{"href":"https:\/\/malung.arnemal.com\/index.php?rest_route=\/wp\/v2\/pages"}],"about":[{"href":"https:\/\/malung.arnemal.com\/index.php?rest_route=\/wp\/v2\/types\/page"}],"author":[{"embeddable":true,"href":"https:\/\/malung.arnemal.com\/index.php?rest_route=\/wp\/v2\/users\/2"}],"replies":[{"embeddable":true,"href":"https:\/\/malung.arnemal.com\/index.php?rest_route=%2Fwp%2Fv2%2Fcomments&post=651"}],"version-history":[{"count":0,"href":"https:\/\/malung.arnemal.com\/index.php?rest_route=\/wp\/v2\/pages\/651\/revisions"}],"wp:attachment":[{"href":"https:\/\/malung.arnemal.com\/index.php?rest_route=%2Fwp%2Fv2%2Fmedia&parent=651"}],"curies":[{"name":"wp","href":"https:\/\/api.w.org\/{rel}","templated":true}]}}