{"id":7,"date":"2021-03-22T18:21:55","date_gmt":"2021-03-22T18:21:55","guid":{"rendered":"https:\/\/xn--idbck-ira.arnemalmens.website\/?page_id=7"},"modified":"2023-10-16T19:02:47","modified_gmt":"2023-10-16T19:02:47","slug":"om","status":"publish","type":"page","link":"https:\/\/malung.arnemal.com\/?page_id=7","title":{"rendered":"Om"},"content":{"rendered":"\n<p>Om n\u00e5gon har missat det s\u00e5 heter jag Arne Malm\u00e9n. Detta \u00e4r min allra f\u00f6rsta websida i livet och den kom vid 65 \u00e5rs \u00e5lder.<\/p>\n\n\n\n<p>Det finns inga st\u00f6rre planer f\u00f6r denna sajt men det naturliga \u00e4r att det kommer att handla om mina intressen som \u00e4r sl\u00e4ktforsking, flyga med dr\u00f6nare och fotografera. Husbilen \u00e4r mitt sommarn\u00f6je och det \u00e4r m\u00f6jligt att det kommer en del fr\u00e5n mina semesterresor. Brukar \u00e5rligen \u00e5ka till Kroatien.<\/p>\n\n\n\n<p>Det allra senaste intresset \u00e4r v\u00e5ran yorkshire terrier valp som vi skaffade i v\u00e5ras. Han sk\u00e4nker mycket gl\u00e4dje och munterhet.<\/p>\n\n\n\n<figure class=\"wp-block-image size-large is-style-rounded\"><img decoding=\"async\" src=\"https:\/\/malung.arnemal.com\/wp-content\/uploads\/2021\/03\/Tusse.jpg\" alt=\"\"\/><figcaption class=\"wp-element-caption\">Det h\u00e4r \u00e4r v\u00e5r Yorkshire terrier p\u00e5 10 m\u00e5nade. En riktigt pigg liten rackare som bara vill \u00e4ta, v\u00e5r mat, och leka o busa.<\/figcaption><\/figure>\n\n\n\n<p>Detta \u00e4r Tusse snart 1 \u00e5r. Han \u00e4r nu dryg 3 \u00e5r.<\/p>\n\n\n\n<p>Tusse har nu f\u00e5tt en kompis som heter Kompis. Han \u00e4r drygt 1 \u00e5r<\/p>\n\n\n\n<div class=\"wp-block-uagb-image uagb-block-7fabfc74 wp-block-uagb-image--layout-default wp-block-uagb-image--effect-static wp-block-uagb-image--align-none\"><figure class=\"wp-block-uagb-image__figure\"><img loading=\"lazy\" decoding=\"async\" srcset=\"https:\/\/malung.arnemal.com\/wp-content\/uploads\/2023\/10\/kompis-472x1024.jpg ,https:\/\/malung.arnemal.com\/wp-content\/uploads\/2023\/10\/kompis.jpg 780w, https:\/\/malung.arnemal.com\/wp-content\/uploads\/2023\/10\/kompis.jpg 360w\" sizes=\"auto, (max-width: 480px) 150px\" src=\"https:\/\/malung.arnemal.com\/wp-content\/uploads\/2023\/10\/kompis-472x1024.jpg\" alt=\"\" class=\"uag-image-13032\" width=\"526\" height=\"1140\" title=\"\" loading=\"lazy\"\/><\/figure><\/div>\n","protected":false},"excerpt":{"rendered":"<p>Om n\u00e5gon har missat det s\u00e5 heter jag Arne Malm\u00e9n. Detta \u00e4r min allra f\u00f6rsta websida i livet och den kom vid 65 \u00e5rs \u00e5lder. Det finns inga st\u00f6rre planer f\u00f6r denna sajt men det naturliga \u00e4r att det kommer att handla om mina intressen som \u00e4r sl\u00e4ktforsking, flyga med dr\u00f6nare och fotografera. Husbilen \u00e4r [&hellip;]<\/p>\n","protected":false},"author":2,"featured_media":0,"parent":0,"menu_order":0,"comment_status":"closed","ping_status":"closed","template":"","meta":{"ngg_post_thumbnail":0,"footnotes":""},"class_list":["post-7","page","type-page","status-publish","hentry","post-preview"],"_links":{"self":[{"href":"https:\/\/malung.arnemal.com\/index.php?rest_route=\/wp\/v2\/pages\/7","targetHints":{"allow":["GET"]}}],"collection":[{"href":"https:\/\/malung.arnemal.com\/index.php?rest_route=\/wp\/v2\/pages"}],"about":[{"href":"https:\/\/malung.arnemal.com\/index.php?rest_route=\/wp\/v2\/types\/page"}],"author":[{"embeddable":true,"href":"https:\/\/malung.arnemal.com\/index.php?rest_route=\/wp\/v2\/users\/2"}],"replies":[{"embeddable":true,"href":"https:\/\/malung.arnemal.com\/index.php?rest_route=%2Fwp%2Fv2%2Fcomments&post=7"}],"version-history":[{"count":0,"href":"https:\/\/malung.arnemal.com\/index.php?rest_route=\/wp\/v2\/pages\/7\/revisions"}],"wp:attachment":[{"href":"https:\/\/malung.arnemal.com\/index.php?rest_route=%2Fwp%2Fv2%2Fmedia&parent=7"}],"curies":[{"name":"wp","href":"https:\/\/api.w.org\/{rel}","templated":true}]}}